{"id":238,"date":"2011-05-10T16:52:16","date_gmt":"2011-05-10T16:52:16","guid":{"rendered":"http:\/\/dev.imagiinate.com\/temanaotemoana\/?page_id=238"},"modified":"2012-06-22T07:09:45","modified_gmt":"2012-06-22T07:09:45","slug":"other-research","status":"publish","type":"page","link":"https:\/\/www.temanaotemoana.org\/en\/other-research\/","title":{"rendered":"Fishes and rays"},"content":{"rendered":"<p><a href=\"http:\/\/www.temanaotemoana.com\/recherche\/autres-recherches\/attachment\/bandeau-raies\/\" rel=\"attachment wp-att-4473\"><img loading=\"lazy\" decoding=\"async\" class=\"alignleft size-medium wp-image-4473\" title=\"Bandeau Raies\" src=\"http:\/\/www.temanaotemoana.com\/wp-content\/uploads\/2012\/02\/Bandeau-Raies-600x189.jpg\" alt=\"\" width=\"600\" height=\"189\" srcset=\"https:\/\/www.temanaotemoana.org\/wp-content\/uploads\/2012\/02\/Bandeau-Raies-600x189.jpg 600w, https:\/\/www.temanaotemoana.org\/wp-content\/uploads\/2012\/02\/Bandeau-Raies.jpg 929w\" sizes=\"auto, (max-width: 600px) 100vw, 600px\" \/><\/a><\/p>\n<p>&nbsp;<\/p>\n<h5>French Polynesia is one of the largest marine territories of the planet. Its tropical islands and its turquoise lagoons attract thousands of tourists every year. Ray-feeding was introduced on the north-west coast of Moorea in 1994 and is today one of our visitors\u2019 favourite destination.<\/h5>\n<p>&nbsp;<\/p>\n<p style=\"text-align: justify;\">This activity that allows tourists to interact with sting rays has grown popular rapidly and is today a must do of every lagoon tour. <strong>Feeding area\u00a0dedicated to tourism activities<\/strong> have been\u00a0created by tour operators and are now <strong>fixed time daily gathering places for rays<\/strong>.<\/p>\n<p style=\"text-align: justify;\"><a href=\"http:\/\/www.temanaotemoana.com\/recherche\/autres-recherches\/attachment\/photos-raies-these-gaspar-86\/\" rel=\"attachment wp-att-4485\"><img loading=\"lazy\" decoding=\"async\" class=\"alignright  wp-image-4485\" title=\"Ray feeding \u00e0 Moorea\" src=\"http:\/\/www.temanaotemoana.com\/wp-content\/uploads\/2012\/02\/photos-raies-these-gaspar-86-352x213.jpg\" alt=\"Ray feeding \u00e0 Moorea\" width=\"282\" height=\"170\" srcset=\"https:\/\/www.temanaotemoana.org\/wp-content\/uploads\/2012\/02\/photos-raies-these-gaspar-86-352x213.jpg 352w, https:\/\/www.temanaotemoana.org\/wp-content\/uploads\/2012\/02\/photos-raies-these-gaspar-86.jpg 600w\" sizes=\"auto, (max-width: 282px) 100vw, 282px\" \/><\/a>Meanwhile, <strong>very few studies have been conducted on pink whiprays <\/strong>(<em>Himantura fai<\/em>). The identification of the species itself was done quite recently.<\/p>\n<p style=\"text-align: justify;\">Rays encounter is guaranteed during each tour and are subject to <strong>numerous questions that have not been\u00a0answered yet<\/strong> (longevity, reproduction, feeding, population, etc\u2026).<\/p>\n<p>&nbsp;<\/p>\n<h6>The research work done by Dr. C\u00e9cile Gaspar during her scientific study (PhD) on pink whiprays helped to find answers to some of these questions, and then to share with the public and touristic operators, the knewly acquired knowledge.<\/h6>\n<p>&nbsp;<\/p>\n<p><a href=\"http:\/\/www.temanaotemoana.com\/recherche\/autres-recherches\/attachment\/grouperaies\/\" rel=\"attachment wp-att-4478\"><img loading=\"lazy\" decoding=\"async\" class=\"alignleft size-thumbnail wp-image-4478\" title=\"GroupeRaies\" src=\"http:\/\/www.temanaotemoana.com\/wp-content\/uploads\/2012\/02\/GroupeRaies-150x150.jpg\" alt=\"\" width=\"150\" height=\"150\" srcset=\"https:\/\/www.temanaotemoana.org\/wp-content\/uploads\/2012\/02\/GroupeRaies-150x150.jpg 150w, https:\/\/www.temanaotemoana.org\/wp-content\/uploads\/2012\/02\/GroupeRaies-100x100.jpg 100w\" sizes=\"auto, (max-width: 150px) 100vw, 150px\" \/><\/a><a href=\"http:\/\/www.temanaotemoana.com\/recherche\/autres-recherches\/attachment\/photos-raies-these-gaspar-6\/\" rel=\"attachment wp-att-4479\"><img loading=\"lazy\" decoding=\"async\" class=\"alignleft size-thumbnail wp-image-4479\" title=\"photos raies these gaspar (6)\" src=\"http:\/\/www.temanaotemoana.com\/wp-content\/uploads\/2012\/02\/photos-raies-these-gaspar-6-150x150.jpg\" alt=\"\" width=\"150\" height=\"150\" srcset=\"https:\/\/www.temanaotemoana.org\/wp-content\/uploads\/2012\/02\/photos-raies-these-gaspar-6-150x150.jpg 150w, https:\/\/www.temanaotemoana.org\/wp-content\/uploads\/2012\/02\/photos-raies-these-gaspar-6-300x300.jpg 300w, https:\/\/www.temanaotemoana.org\/wp-content\/uploads\/2012\/02\/photos-raies-these-gaspar-6-100x100.jpg 100w\" sizes=\"auto, (max-width: 150px) 100vw, 150px\" \/><\/a><a href=\"http:\/\/www.temanaotemoana.com\/recherche\/autres-recherches\/attachment\/rubriquedomactionraie\/\" rel=\"attachment wp-att-4480\"><img loading=\"lazy\" decoding=\"async\" class=\"alignleft size-thumbnail wp-image-4480\" title=\"RubriqueDomActionRaie\" src=\"http:\/\/www.temanaotemoana.com\/wp-content\/uploads\/2012\/02\/RubriqueDomActionRaie-150x150.jpg\" alt=\"\" width=\"150\" height=\"150\" srcset=\"https:\/\/www.temanaotemoana.org\/wp-content\/uploads\/2012\/02\/RubriqueDomActionRaie-150x150.jpg 150w, https:\/\/www.temanaotemoana.org\/wp-content\/uploads\/2012\/02\/RubriqueDomActionRaie-100x100.jpg 100w\" sizes=\"auto, (max-width: 150px) 100vw, 150px\" \/><\/a><\/p>\n<p>&nbsp;<\/p>\n<p>&nbsp;<\/p>\n<p>&nbsp;<\/p>\n<p>&nbsp;<\/p>\n<p>&nbsp;<\/p>\n<p>&nbsp;<\/p>\n<p>&nbsp;<\/p>\n<h2>A practical guide<br \/>\n<span style=\"color: #008080;\">on pink whiprays<\/span><\/h2>\n<p style=\"text-align: justify;\">C\u00e9cile Gapsar, president of te mana o te moana, carried out a scientific research on pink whiprays Himantura fai in the north-west of Moorea lagoon from 2004 to 2007 for her PhD dissertation. She collected much data on these fish which were not studied a lot before.<\/p>\n<p style=\"text-align: justify;\"><a href=\"http:\/\/www.temanaotemoana.com\/recherche\/autres-recherches\/attachment\/couverture-fascicule-raies\/\" rel=\"attachment wp-att-4506\"><img loading=\"lazy\" decoding=\"async\" class=\"alignleft\" title=\"Couverture Fascicule raies\" src=\"http:\/\/www.temanaotemoana.com\/wp-content\/uploads\/2012\/02\/Couverture-Fascicule-raies-719x1024.jpg\" alt=\"\" width=\"259\" height=\"368\" \/><\/a>C\u00e9cile wished to <strong>share with local actors the results of her scientific study<\/strong>. Thus appeared the <strong>practical guide on pink whiprays<\/strong> created by te mana o te moana.<\/p>\n<p style=\"text-align: justify;\">This guide broaches various subjects: anatomy, genetics and the impact of ray feeding on their natural behavior. Popularizing the scientific results of the research, this guide will help tourist operators involved in ray feeding <strong>to become educators and to take part in conservation of this species<\/strong>.<\/p>\n<p style=\"text-align: justify;\">This guide addresses <strong>any person willing to learn more on this fascinating animal<\/strong>.<\/p>\n<h6><strong>Download <a href=\"http:\/\/www.temanaotemoana.com\/recherche\/autres-recherches\/attachment\/fascicule-raies\/\" rel=\"attachment wp-att-4509\">the Guide on pink whiprays (in French)<\/a><\/strong><\/h6>\n<p>&nbsp;<\/p>\n<p>&nbsp;<\/p>\n<p>&nbsp;<\/p>\n<p>&nbsp;<\/p>\n<h2>A PhD dissertation<br \/>\n<span style=\"color: #008080;\">on pink whiprays<\/span><\/h2>\n<p>&nbsp;<\/p>\n<p><strong><strong><a href=\"http:\/\/www.temanaotemoana.com\/recherche\/autres-recherches\/attachment\/cecileraie\/\" rel=\"attachment wp-att-4527\"><img loading=\"lazy\" decoding=\"async\" class=\"alignright\" title=\"cecileraie\" src=\"http:\/\/www.temanaotemoana.com\/wp-content\/uploads\/2012\/02\/cecileraie-321x213.jpg\" alt=\"\" width=\"321\" height=\"213\" \/><\/a><\/strong>C\u00e9cile Gaspar, the president of te mana o te moana association, defended a PhD dissertation on pink whiprays (<em>Himantura fai<\/em>) at the University of French Polynesia, in October 2008.<\/strong><\/p>\n<p style=\"text-align: justify;\">This dissertation ended several years of research work on pink whiprays, and C\u00e9cile Gaspar was awarded her PhD with distinction from both the University of French Polynesia and the Practical School of High Studies (EPHE) &#8211; Insular Research Center and Environment Observatory (CRIOBE).<\/p>\n<p style=\"text-align: justify;\">C\u00e9cile Gaspar had previously been awarded with a PhD degree with distinction in Veterinary medicine, in 1991. She conducted at the time a study comparing physiology of apnea between Dolphins and Humans.<\/p>\n<p>&nbsp;<\/p>\n<p style=\"text-align: justify;\"><a href=\"http:\/\/www.temanaotemoana.com\/recherche\/autres-recherches\/attachment\/photos-raies-these-gaspar-3\/\" rel=\"attachment wp-att-4528\"><img loading=\"lazy\" decoding=\"async\" class=\"alignleft\" title=\"photos raies these gaspar (3)\" src=\"http:\/\/www.temanaotemoana.com\/wp-content\/uploads\/2012\/02\/photos-raies-these-gaspar-3-321x213.jpg\" alt=\"\" width=\"257\" height=\"170\" \/><\/a>The study of C\u00e9cile Gaspar encompasses <strong>human, cultural, and economic issues associated with the ray feeding activity in Moorea lagoon<\/strong>.<\/p>\n<p>&nbsp;<\/p>\n<p style=\"text-align: justify;\">She presented <strong>tracking survey results<\/strong> and her <strong>study on genetic structure<\/strong> of this ray species population amongst 4 Polynesian archipelagos.<\/p>\n<p>&nbsp;<\/p>\n<p style=\"text-align: justify;\"><a href=\"http:\/\/www.temanaotemoana.com\/recherche\/autres-recherches\/attachment\/photos-raies-these-gaspar-10\/\" rel=\"attachment wp-att-4530\"><img loading=\"lazy\" decoding=\"async\" class=\"alignright size-thumbnail wp-image-4530\" title=\"photos raies these gaspar (10)\" src=\"http:\/\/www.temanaotemoana.com\/wp-content\/uploads\/2012\/02\/photos-raies-these-gaspar-10-150x150.jpg\" alt=\"\" width=\"150\" height=\"150\" srcset=\"https:\/\/www.temanaotemoana.org\/wp-content\/uploads\/2012\/02\/photos-raies-these-gaspar-10-150x150.jpg 150w, https:\/\/www.temanaotemoana.org\/wp-content\/uploads\/2012\/02\/photos-raies-these-gaspar-10-300x300.jpeg 300w, https:\/\/www.temanaotemoana.org\/wp-content\/uploads\/2012\/02\/photos-raies-these-gaspar-10-100x100.jpeg 100w\" sizes=\"auto, (max-width: 150px) 100vw, 150px\" \/><\/a><a href=\"http:\/\/www.temanaotemoana.com\/recherche\/autres-recherches\/attachment\/photos-raies-these-gaspar-22\/\" rel=\"attachment wp-att-4533\"><img loading=\"lazy\" decoding=\"async\" class=\"alignright size-thumbnail wp-image-4533\" title=\"photos raies these gaspar (22)\" src=\"http:\/\/www.temanaotemoana.com\/wp-content\/uploads\/2012\/02\/photos-raies-these-gaspar-22-150x150.jpg\" alt=\"\" width=\"150\" height=\"150\" srcset=\"https:\/\/www.temanaotemoana.org\/wp-content\/uploads\/2012\/02\/photos-raies-these-gaspar-22-150x150.jpg 150w, https:\/\/www.temanaotemoana.org\/wp-content\/uploads\/2012\/02\/photos-raies-these-gaspar-22-300x300.jpeg 300w, https:\/\/www.temanaotemoana.org\/wp-content\/uploads\/2012\/02\/photos-raies-these-gaspar-22-100x100.jpeg 100w\" sizes=\"auto, (max-width: 150px) 100vw, 150px\" \/><\/a><a href=\"http:\/\/www.temanaotemoana.com\/recherche\/autres-recherches\/attachment\/photos-raies-these-gaspar-89\/\" rel=\"attachment wp-att-4534\"><img loading=\"lazy\" decoding=\"async\" class=\"alignright size-thumbnail wp-image-4534\" title=\"photos raies these gaspar (89)\" src=\"http:\/\/www.temanaotemoana.com\/wp-content\/uploads\/2012\/02\/photos-raies-these-gaspar-89-150x150.jpg\" alt=\"\" width=\"150\" height=\"150\" srcset=\"https:\/\/www.temanaotemoana.org\/wp-content\/uploads\/2012\/02\/photos-raies-these-gaspar-89-150x150.jpg 150w, https:\/\/www.temanaotemoana.org\/wp-content\/uploads\/2012\/02\/photos-raies-these-gaspar-89-100x100.jpeg 100w\" sizes=\"auto, (max-width: 150px) 100vw, 150px\" \/><\/a>The results of this study also contribute to the <strong>\u201cstingray feeding guideline\u201d included in the Moorea Marine Space Management Plan<\/strong> created since 2004.<\/p>\n<p>&nbsp;<\/p>\n<h6><strong>Download:<\/strong><\/h6>\n<ul>\n<li>the <a href=\"http:\/\/www.temanaotemoana.com\/research\/other-research\/attachment\/summary-study-of-the-pink-whiprays-eng\/\" rel=\"attachment wp-att-4541\">Summary Study of the pink whiprays (in English)<\/a><\/li>\n<\/ul>\n<ul>\n<li>the <a href=\"http:\/\/www.temanaotemoana.com\/research\/other-research\/attachment\/anglais25doctorat-gaspar\/\" rel=\"attachment wp-att-4542\">presentation by C\u00e9cile Gaspar for the PhD dissertation (in English)<\/a><\/li>\n<\/ul>\n<ul>\n<li>the <a href=\"http:\/\/www.temanaotemoana.com\/recherche\/autres-recherches\/attachment\/manuscrit-fr-gaspar-2008-doctorat-himantura-fai\/\" rel=\"attachment wp-att-4522\">full Thesis &#8220;Le nourrissage des raies <em>Himantura fai<\/em> \u00e0 Moorea en Polyn\u00e9sie fran\u00e7aise&#8221;, 2008 (in French)<\/a><\/li>\n<\/ul>\n<ul>\n<li>the <a href=\"http:\/\/www.temanaotemoana.com\/recherche\/autres-recherches\/attachment\/la-depechethese-cecile\/\" rel=\"attachment wp-att-4523\">press article in La D\u00e9p\u00eache (in French)<\/a><\/li>\n<\/ul>\n<ul>\n<li>the <a href=\"http:\/\/www.temanaotemoana.com\/recherche\/autres-recherches\/attachment\/article-les-nouvelles-these-cecile-gaspar\/\" rel=\"attachment wp-att-4524\">press article in Les Nouvelles (in French)<\/a><\/li>\n<\/ul>\n<p>&nbsp;<\/p>\n<p>&nbsp;<\/p>\n<h2>Public conferences<br \/>\n<span style=\"color: #008080;\">on pink whiprays<\/span><\/h2>\n<p>&nbsp;<\/p>\n<p><strong>Since her PhD dissertation in October 2008, C\u00e9cile Gaspar regularly gives conferences on pink whiprays, presenting the main conclusions of her research work.<\/strong><\/p>\n<p style=\"text-align: justify;\"><a href=\"http:\/\/www.temanaotemoana.com\/recherche\/autres-recherches\/attachment\/photos-raies-these-gaspar-85\/\" rel=\"attachment wp-att-4529\"><img loading=\"lazy\" decoding=\"async\" class=\"alignleft size-medium wp-image-4529\" title=\"photos raies these gaspar (85)\" src=\"http:\/\/www.temanaotemoana.com\/wp-content\/uploads\/2012\/02\/photos-raies-these-gaspar-85-279x213.jpg\" alt=\"\" width=\"279\" height=\"213\" srcset=\"https:\/\/www.temanaotemoana.org\/wp-content\/uploads\/2012\/02\/photos-raies-these-gaspar-85-279x213.jpg 279w, https:\/\/www.temanaotemoana.org\/wp-content\/uploads\/2012\/02\/photos-raies-these-gaspar-85.jpg 491w\" sizes=\"auto, (max-width: 279px) 100vw, 279px\" \/><\/a>These fascinating animals, still very mysterious (not much is known on pink whiprays&#8217; breeding), keep on fascinating sea lovers, and many questions arise during each presentation.<\/p>\n<p><a title=\"Trainings and Conferences\" href=\"http:\/\/www.temanaotemoana.com\/education\/trainings-and-conferences-2\/\">&gt;&gt; More information on our Conferences and Trainings<\/a><\/p>\n<p>&nbsp;<\/p>\n<p>&nbsp;<\/p>\n<p>&nbsp;<\/p>\n<p>&nbsp;<\/p>\n","protected":false},"excerpt":{"rendered":"<p>&nbsp; French Polynesia is one of the largest marine territories of the planet. Its tropical islands and its turquoise lagoons attract thousands of tourists every year. Ray-feeding was introduced on the north-west coast of Moorea in 1994 and is today one of our visitors\u2019 favourite destination. &nbsp; This activity that allows tourists to interact with [&hellip;]<\/p>\n","protected":false},"author":18,"featured_media":0,"parent":0,"menu_order":1,"comment_status":"closed","ping_status":"open","template":"","meta":{"_genesis_hide_title":false,"_genesis_hide_breadcrumbs":false,"_genesis_hide_singular_image":false,"_genesis_hide_footer_widgets":false,"_genesis_custom_body_class":"","_genesis_custom_post_class":"","_genesis_layout":"","footnotes":""},"class_list":{"0":"post-238","1":"page","2":"type-page","3":"status-publish","5":"entry","6":"override"},"_links":{"self":[{"href":"https:\/\/www.temanaotemoana.org\/en\/wp-json\/wp\/v2\/pages\/238","targetHints":{"allow":["GET"]}}],"collection":[{"href":"https:\/\/www.temanaotemoana.org\/en\/wp-json\/wp\/v2\/pages"}],"about":[{"href":"https:\/\/www.temanaotemoana.org\/en\/wp-json\/wp\/v2\/types\/page"}],"author":[{"embeddable":true,"href":"https:\/\/www.temanaotemoana.org\/en\/wp-json\/wp\/v2\/users\/18"}],"replies":[{"embeddable":true,"href":"https:\/\/www.temanaotemoana.org\/en\/wp-json\/wp\/v2\/comments?post=238"}],"version-history":[{"count":5,"href":"https:\/\/www.temanaotemoana.org\/en\/wp-json\/wp\/v2\/pages\/238\/revisions"}],"predecessor-version":[{"id":1310,"href":"https:\/\/www.temanaotemoana.org\/en\/wp-json\/wp\/v2\/pages\/238\/revisions\/1310"}],"wp:attachment":[{"href":"https:\/\/www.temanaotemoana.org\/en\/wp-json\/wp\/v2\/media?parent=238"}],"curies":[{"name":"wp","href":"https:\/\/api.w.org\/{rel}","templated":true}]}}