{"id":250,"date":"2011-05-10T17:01:59","date_gmt":"2011-05-10T17:01:59","guid":{"rendered":"http:\/\/dev.imagiinate.com\/temanaotemoana\/?page_id=250"},"modified":"2018-04-06T22:22:25","modified_gmt":"2018-04-06T22:22:25","slug":"become-a-volunteer","status":"publish","type":"page","link":"https:\/\/www.temanaotemoana.org\/en\/become-a-volunteer\/","title":{"rendered":"Become A Volunteer"},"content":{"rendered":"<h3 style=\"text-align: justify;\">You are sensitive to the marine environment? You would like to get involved in te mana o te moana\u2019s actions? Become a <span style=\"color: #00ccff;\">volunteer<\/span>..<\/h3>\n<p>&nbsp;<\/p>\n<p>&nbsp;<\/p>\n<h4 style=\"text-align: center;\">What kind of <span style=\"color: #00ccff;\">volunteering<\/span>\u00a0? What kind of <span style=\"color: #ff6600;\">involvement\u00a0<\/span>? For <span style=\"color: #339966;\">Whom<\/span>\u00a0? <span style=\"color: #ff00ff;\">Why\u00a0<\/span>?<\/h4>\n<p>&nbsp;<\/p>\n<p>&nbsp;<\/p>\n<h4 style=\"text-align: center;\"><span style=\"text-align: justify;\">Becoming a <span style=\"color: #00ccff;\">volunteer<\/span> at the <span style=\"color: #339966;\">sea turtle<\/span><span style=\"color: #ff6600;\"> care center <\/span><\/span><span style=\"text-align: justify;\">\u00a0:<\/span><\/h4>\n<p style=\"text-align: justify;\"><a href=\"http:\/\/www.temanaotemoana.org\/wp-content\/uploads\/2012\/02\/web-site-web.jpg\"><img loading=\"lazy\" decoding=\"async\" class=\"alignright wp-image-12918\" src=\"http:\/\/www.temanaotemoana.org\/wp-content\/uploads\/2012\/02\/web-site-web-260x213.jpg\" alt=\"\" width=\"237\" height=\"194\" srcset=\"https:\/\/www.temanaotemoana.org\/wp-content\/uploads\/2012\/02\/web-site-web-260x213.jpg 260w, https:\/\/www.temanaotemoana.org\/wp-content\/uploads\/2012\/02\/web-site-web-600x492.jpg 600w, https:\/\/www.temanaotemoana.org\/wp-content\/uploads\/2012\/02\/web-site-web-768x630.jpg 768w, https:\/\/www.temanaotemoana.org\/wp-content\/uploads\/2012\/02\/web-site-web.jpg 800w\" sizes=\"auto, (max-width: 237px) 100vw, 237px\" \/><\/a><\/p>\n<p style=\"text-align: justify;\">The law in French Polynesia protects sea turtles since 1990.<\/p>\n<p style=\"text-align: justify;\">The sea turtles we welcome are sick, injured or wanted; they need a careful and strict attention. The contact must be minimized in order to release them as soon as possible. To be volunteer at the sea turtle care center, only the longtime residents (more than one year) are accepted if they are ready to dedicate one morning per week to the turtles.<\/p>\n<p>&nbsp;<\/p>\n<p>&nbsp;<\/p>\n<h4 style=\"text-align: center;\"><span style=\"color: #00ccff;\">Volunteering<\/span> during <span style=\"color: #ff99cc;\">environmental events :<\/span><\/h4>\n<p style=\"text-align: justify;\"><img loading=\"lazy\" decoding=\"async\" class=\"alignright wp-image-12917\" src=\"http:\/\/www.temanaotemoana.org\/wp-content\/uploads\/2012\/02\/DSC_0122-319x213.jpeg\" alt=\"\" width=\"240\" height=\"160\" srcset=\"https:\/\/www.temanaotemoana.org\/wp-content\/uploads\/2012\/02\/DSC_0122-319x213.jpeg 319w, https:\/\/www.temanaotemoana.org\/wp-content\/uploads\/2012\/02\/DSC_0122-600x400.jpeg 600w, https:\/\/www.temanaotemoana.org\/wp-content\/uploads\/2012\/02\/DSC_0122-768x512.jpeg 768w, https:\/\/www.temanaotemoana.org\/wp-content\/uploads\/2012\/02\/DSC_0122-1024x683.jpeg 1024w, https:\/\/www.temanaotemoana.org\/wp-content\/uploads\/2012\/02\/DSC_0122.jpeg 1280w\" sizes=\"auto, (max-width: 240px) 100vw, 240px\" \/><\/p>\n<p style=\"text-align: justify;\">If you wish to animate a stand and help us to make the children awarded about the necessity to protect our marine environment, you can become an \u201cevent\u201d volunteer. You will be contacted whenever an event is set up to join us. You will be trained during a morning at the organization main office on Moorea. The most important skills are the smile&#8230;<\/p>\n<p>&nbsp;<\/p>\n<p style=\"text-align: justify;\">Y<img loading=\"lazy\" decoding=\"async\" class=\"alignright wp-image-12919\" src=\"http:\/\/www.temanaotemoana.org\/wp-content\/uploads\/2012\/02\/bureau-web--160x213.jpg\" alt=\"\" width=\"130\" height=\"173\" srcset=\"https:\/\/www.temanaotemoana.org\/wp-content\/uploads\/2012\/02\/bureau-web--160x213.jpg 160w, https:\/\/www.temanaotemoana.org\/wp-content\/uploads\/2012\/02\/bureau-web--600x800.jpg 600w, https:\/\/www.temanaotemoana.org\/wp-content\/uploads\/2012\/02\/bureau-web--768x1024.jpg 768w, https:\/\/www.temanaotemoana.org\/wp-content\/uploads\/2012\/02\/bureau-web-.jpg 800w\" sizes=\"auto, (max-width: 130px) 100vw, 130px\" \/>ou can also help us with th\u00a0<span style=\"color: #ff6600;\">communication<\/span>, <span style=\"color: #ff6600;\">design<\/span>, app creation or <span style=\"color: #ff6600;\">web designs<\/span>. If you have those kinds of skills, we could contact you for punctual actions. We always need <span style=\"color: #00ccff;\">volunteers<\/span> in those fields.<\/p>\n<p>Si vous avez des connaissances particuli\u00e8res\u00a0: webmaster, infographie, dessin, vous pouvez aussi nous aider pour des actions ponctuelles. Sur place ou \u00e0 distance, nous avons toujours besoin de b\u00e9n\u00e9voles dans ces th\u00e9matiques.<\/p>\n<p>&nbsp;<\/p>\n<p>&nbsp;<\/p>\n<h4 style=\"text-align: center;\">You <span style=\"color: #33cccc;\">do not live in French Polynesia<\/span> but you <span style=\"color: #33cccc;\">want to help anyway<\/span>?<\/h4>\n<p style=\"text-align: justify;\">It is possible in helping us by doing translations, in the production of communication supports and in participating in various administrative tasks.<\/p>\n<p>&nbsp;<\/p>\n<p style=\"text-align: center;\"><strong>Contact us for more informations :\u00a0<\/strong><br \/>\n<em><span style=\"color: #00ccff;\">temanaotemoana@mail.pf <\/span>&#8211; <span style=\"color: #ff6600;\">40 56 40 11<\/span> &#8211;<br \/>\nEmergency cell phone for sea turtles\u00a0: <span style=\"color: #ff0000;\">87 715 344<\/span><\/em><br \/>\n<em>BP 1374 &#8211; Papetoai &#8211; 98729 Moorea<\/em><\/p>\n","protected":false},"excerpt":{"rendered":"<p>You are sensitive to the marine environment? You would like to get involved in te mana o te moana\u2019s actions? Become a volunteer.. &nbsp; &nbsp; What kind of volunteering\u00a0? What kind of involvement\u00a0? For Whom\u00a0? Why\u00a0? &nbsp; &nbsp; Becoming a volunteer at the sea turtle care center \u00a0: The law in French Polynesia protects sea [&hellip;]<\/p>\n","protected":false},"author":18,"featured_media":0,"parent":0,"menu_order":3,"comment_status":"closed","ping_status":"open","template":"","meta":{"_genesis_hide_title":false,"_genesis_hide_breadcrumbs":false,"_genesis_hide_singular_image":false,"_genesis_hide_footer_widgets":false,"_genesis_custom_body_class":"","_genesis_custom_post_class":"","_genesis_layout":"","footnotes":""},"class_list":{"0":"post-250","1":"page","2":"type-page","3":"status-publish","5":"entry","6":"has-post-thumbnail","7":"override"},"_links":{"self":[{"href":"https:\/\/www.temanaotemoana.org\/en\/wp-json\/wp\/v2\/pages\/250","targetHints":{"allow":["GET"]}}],"collection":[{"href":"https:\/\/www.temanaotemoana.org\/en\/wp-json\/wp\/v2\/pages"}],"about":[{"href":"https:\/\/www.temanaotemoana.org\/en\/wp-json\/wp\/v2\/types\/page"}],"author":[{"embeddable":true,"href":"https:\/\/www.temanaotemoana.org\/en\/wp-json\/wp\/v2\/users\/18"}],"replies":[{"embeddable":true,"href":"https:\/\/www.temanaotemoana.org\/en\/wp-json\/wp\/v2\/comments?post=250"}],"version-history":[{"count":5,"href":"https:\/\/www.temanaotemoana.org\/en\/wp-json\/wp\/v2\/pages\/250\/revisions"}],"predecessor-version":[{"id":12928,"href":"https:\/\/www.temanaotemoana.org\/en\/wp-json\/wp\/v2\/pages\/250\/revisions\/12928"}],"wp:attachment":[{"href":"https:\/\/www.temanaotemoana.org\/en\/wp-json\/wp\/v2\/media?parent=250"}],"curies":[{"name":"wp","href":"https:\/\/api.w.org\/{rel}","templated":true}]}}