{"id":28166,"date":"2025-06-03T09:21:18","date_gmt":"2025-06-03T19:21:18","guid":{"rendered":"https:\/\/www.temanaotemoana.org\/notre-equipe\/"},"modified":"2026-02-06T12:54:21","modified_gmt":"2026-02-06T22:54:21","slug":"notre-equipe","status":"publish","type":"page","link":"https:\/\/www.temanaotemoana.org\/en\/notre-equipe\/","title":{"rendered":"Notre \u00e9quipe"},"content":{"rendered":"\n<h1>\n\t\t\tTE MANA O TE MOANA\t<\/h1>\n\t<p>Fond\u00e9e en 2004, l&#8217;association Te mana o te moana oeuvre pour la sauvegarde du monde marin polyn\u00e9sien et en particulier des tortues marines \u00e0 travers ses actions de d\u00e9couverte, d&#8217;\u00e9ducation et de protection<\/p>\n\t<p><strong>MEMBRES FONDATEURS<\/strong><\/p>\n\t\t\t\t<img decoding=\"async\" src=\"https:\/\/www.temanaotemoana.org\/wp-content\/uploads\/2025\/05\/Cecile-photo-4-300x300.jpg\" alt=\"C\u00e9cile - photo-4\" itemprop=\"image\" height=\"300\" width=\"300\" height=\"300\" width=\"300\" title=\"C\u00e9cile - photo-4\" onerror=\"this.style.display='none'\" loading='lazy' \/>\n\t<h4>C\u00e9cile GASPAR<\/h4>\n\t<h4><em>Co-fondatrice et directrice de la\u00a0<\/em><i>strat\u00e9gie<\/i><\/h4>\n\t\t\t\t<img decoding=\"async\" src=\"https:\/\/www.temanaotemoana.org\/wp-content\/uploads\/2026\/01\/Richard-Bailey-1-300x300.jpg\" alt=\"Richard Bailey (1)\" itemprop=\"image\" height=\"300\" width=\"300\" height=\"300\" width=\"300\" title=\"Richard Bailey (1)\" onerror=\"this.style.display='none'\" loading='lazy' \/>\n\t<h3>Richard BAILEY<\/h3>\n\t<h4><i>Co-fondateur &amp; Pr\u00e9sident<\/i><\/h4>\n\t<p><strong>P\u00d4LE DIRECTION<\/strong><\/p>\n\t\t\t\t<img decoding=\"async\" src=\"https:\/\/www.temanaotemoana.org\/wp-content\/uploads\/2025\/05\/Cecile-photo-4-300x300.jpg\" alt=\"C\u00e9cile - photo-4\" itemprop=\"image\" height=\"300\" width=\"300\" height=\"300\" width=\"300\" title=\"C\u00e9cile - photo-4\" onerror=\"this.style.display='none'\" loading='lazy' \/>\n\t<h4>C\u00e9cile GASPAR<\/h4>\n\t<h4><em>Directrice de la strat\u00e9gie<\/em><\/h4>\n\t\t\t\t<img decoding=\"async\" src=\"https:\/\/www.temanaotemoana.org\/wp-content\/uploads\/2025\/08\/529014211_1172180594947651_6544161931037135048_n-e1755060349401-300x300.jpg\" alt=\"529014211_1172180594947651_6544161931037135048_n\" itemprop=\"image\" height=\"300\" width=\"300\" height=\"300\" width=\"300\" title=\"529014211_1172180594947651_6544161931037135048_n\" onerror=\"this.style.display='none'\" loading='lazy' \/>\n\t<h3>La\u00ebtitia BISARAH<\/h3>\n\t<h4><em>Directrice des op\u00e9rations<\/em><\/h4>\n\t\t\t\t<img decoding=\"async\" src=\"https:\/\/www.temanaotemoana.org\/wp-content\/uploads\/2026\/02\/Capture-decran-2026-02-06-a-12.50.52-300x300.png\" alt=\"Melody\" itemprop=\"image\" height=\"300\" width=\"300\" height=\"300\" width=\"300\" title=\"Melody\" onerror=\"this.style.display='none'\" loading='lazy' \/>\n\t<h3>M\u00e9lody BEUVELET<\/h3>\n\t<h4><em>Assistante de direction<\/em><\/h4>\n\t\t\t\t<img decoding=\"async\" src=\"https:\/\/www.temanaotemoana.org\/wp-content\/uploads\/2025\/05\/Maina-photo-22-300x300.jpg\" alt=\"Maina - photo-22\" itemprop=\"image\" height=\"300\" width=\"300\" height=\"300\" width=\"300\" title=\"Maina - photo-22\" onerror=\"this.style.display='none'\" loading='lazy' \/>\n\t<h3>Maina SAGE<\/h3>\n\t<h4><em>Consultante en d\u00e9veloppement et communication<\/em><\/h4>\n\t\t\t\t<img decoding=\"async\" src=\"https:\/\/www.temanaotemoana.org\/wp-content\/uploads\/2025\/05\/IMG_2252-300x300.jpg\" alt=\"IMG_2252\" itemprop=\"image\" height=\"300\" width=\"300\" height=\"300\" width=\"300\" title=\"IMG_2252\" onerror=\"this.style.display='none'\" loading='lazy' \/>\n\t<h3>Mahana TUMAHAI<\/h3>\n\t<h4><em>Agent administratif<\/em><\/h4>\n\t<p><strong>P\u00d4LE CONSERVATION<\/strong><\/p>\n\t\t\t\t<img decoding=\"async\" src=\"https:\/\/www.temanaotemoana.org\/wp-content\/uploads\/2025\/05\/Jade-photo-30-300x300.jpg\" alt=\"Jade - photo-30\" itemprop=\"image\" height=\"300\" width=\"300\" height=\"300\" width=\"300\" title=\"Jade - photo-30\" onerror=\"this.style.display='none'\" loading='lazy' \/>\n<h3>\n\t\t\tJade GOUIN\t<\/h3>\n\t<h4><i>V\u00e9t\u00e9rinaire &amp; Coordinatrice des programmes de conservation<\/i><\/h4>\n\t\t\t\t<img decoding=\"async\" src=\"https:\/\/www.temanaotemoana.org\/wp-content\/uploads\/2025\/11\/Capture-decran-2025-11-25-a-17.17.20-300x300.png\" alt=\"Tonin Sancelme\" itemprop=\"image\" height=\"300\" width=\"300\" height=\"300\" width=\"300\" title=\"Tonin Sancelme\" onerror=\"this.style.display='none'\" loading='lazy' \/>\n<h3>\n\t\t\tTonin SANCELME\t<\/h3>\n\t<h4><i>Coordinateur adjoint des programmes de conservation<\/i><\/h4>\n\t\t\t\t<img decoding=\"async\" src=\"https:\/\/www.temanaotemoana.org\/wp-content\/uploads\/2026\/01\/Capture-decran-2026-01-26-a-12.18.24-300x300.png\" alt=\"Capture d'e\u0301cran 2026-01-26 a\u0300 12.18.24\" itemprop=\"image\" height=\"300\" width=\"300\" height=\"300\" width=\"300\" title=\"Capture d'e\u0301cran 2026-01-26 a\u0300 12.18.24\" onerror=\"this.style.display='none'\" loading='lazy' \/>\n<h3>\n\t\t\tSkyler TERIINOHO\t<\/h3>\n\t<h4><em>Technicien du centre de r\u00e9habilitation<\/em><\/h4>\n\t<p><strong>P\u00d4LE \u00c9DUCATION<\/strong><\/p>\n\t\t\t\t<img decoding=\"async\" src=\"https:\/\/www.temanaotemoana.org\/wp-content\/uploads\/bb-plugin\/cache\/shanna-300x300-circle-bf9a0b1a2e48fc7ce74401376c7761c1-.jpeg\" alt=\"shanna\" itemprop=\"image\" height=\"300\" width=\"300\" height=\"300\" width=\"300\" title=\"shanna\" onerror=\"this.style.display='none'\" loading='lazy' \/>\n<h3>Shanna SAVOIE<\/h3><p><em>Coordinatrice de l&#8217;\u00e9ducation<\/em><\/p>\n\t\t\t\t<img decoding=\"async\" src=\"https:\/\/www.temanaotemoana.org\/wp-content\/uploads\/bb-plugin\/cache\/Capture-decran-2026-02-06-a-12.45.26-300x300-circle-f53531976ecdac9739de88f528d27366-.png\" alt=\"Capture d'e\u0301cran 2026-02-06 a\u0300 12.45.26\" itemprop=\"image\" height=\"300\" width=\"300\" height=\"300\" width=\"300\" title=\"Capture d'e\u0301cran 2026-02-06 a\u0300 12.45.26\" onerror=\"this.style.display='none'\" loading='lazy' \/>\n<h3>Purotu IZAL<\/h3><p><em>Agent d&#8217;accueil et d&#8217;animation<\/em><\/p>\n\t\t\t\t<img decoding=\"async\" src=\"https:\/\/www.temanaotemoana.org\/wp-content\/uploads\/bb-plugin\/cache\/Lou-photo-48-300x300-circle-906a2c0a3690132e5c6ac519ec193a71-.jpg\" alt=\"Lou - photo-48\" itemprop=\"image\" height=\"300\" width=\"300\" height=\"300\" width=\"300\" title=\"Lou - photo-48\" onerror=\"this.style.display='none'\" loading='lazy' \/>\n<h3>Lou GOUIN<\/h3><p><em>Charg\u00e9e de projets<\/em><\/p>\n\t<p><strong>P\u00d4LE COMMUNICATION<\/strong><\/p>\n\t\t\t\t<img decoding=\"async\" src=\"https:\/\/www.temanaotemoana.org\/wp-content\/uploads\/bb-plugin\/cache\/Emma-photo-13-300x300-circle-6ea7226afdcd68ee78f3037f5aa91edc-.jpg\" alt=\"Emma - photo-13\" itemprop=\"image\" height=\"300\" width=\"300\" height=\"300\" width=\"300\" title=\"Emma - photo-13\" onerror=\"this.style.display='none'\" loading='lazy' \/>\n<h3>Emma CUNAULT<\/h3><p><em>Coordinatrice de la communication<\/em><\/p>\n\n","protected":false},"excerpt":{"rendered":"<p>TE MANA O TE MOANA Fond\u00e9e en 2004, l&#8217;association Te mana o te moana oeuvre pour la sauvegarde du monde marin polyn\u00e9sien et en particulier des tortues marines \u00e0 travers ses actions de d\u00e9couverte, d&#8217;\u00e9ducation et de protection MEMBRES FONDATEURS C\u00e9cile GASPAR Co-fondatrice et directrice de la\u00a0strat\u00e9gie Richard BAILEY Co-fondateur &amp; Pr\u00e9sident P\u00d4LE DIRECTION C\u00e9cile [&hellip;]<\/p>\n","protected":false},"author":160,"featured_media":0,"parent":0,"menu_order":9,"comment_status":"closed","ping_status":"open","template":"","meta":{"_genesis_hide_title":false,"_genesis_hide_breadcrumbs":false,"_genesis_hide_singular_image":false,"_genesis_hide_footer_widgets":false,"_genesis_custom_body_class":"","_genesis_custom_post_class":"","_genesis_layout":"","footnotes":""},"class_list":{"0":"post-28166","1":"page","2":"type-page","3":"status-publish","5":"entry","6":"has-post-thumbnail","7":"override"},"_links":{"self":[{"href":"https:\/\/www.temanaotemoana.org\/en\/wp-json\/wp\/v2\/pages\/28166","targetHints":{"allow":["GET"]}}],"collection":[{"href":"https:\/\/www.temanaotemoana.org\/en\/wp-json\/wp\/v2\/pages"}],"about":[{"href":"https:\/\/www.temanaotemoana.org\/en\/wp-json\/wp\/v2\/types\/page"}],"author":[{"embeddable":true,"href":"https:\/\/www.temanaotemoana.org\/en\/wp-json\/wp\/v2\/users\/160"}],"replies":[{"embeddable":true,"href":"https:\/\/www.temanaotemoana.org\/en\/wp-json\/wp\/v2\/comments?post=28166"}],"version-history":[{"count":5,"href":"https:\/\/www.temanaotemoana.org\/en\/wp-json\/wp\/v2\/pages\/28166\/revisions"}],"predecessor-version":[{"id":29481,"href":"https:\/\/www.temanaotemoana.org\/en\/wp-json\/wp\/v2\/pages\/28166\/revisions\/29481"}],"wp:attachment":[{"href":"https:\/\/www.temanaotemoana.org\/en\/wp-json\/wp\/v2\/media?parent=28166"}],"curies":[{"name":"wp","href":"https:\/\/api.w.org\/{rel}","templated":true}]}}