{"id":28310,"date":"2025-06-16T08:19:40","date_gmt":"2025-06-16T18:19:40","guid":{"rendered":"https:\/\/www.temanaotemoana.org\/plateforme-educative-ite-a-la-decouverte-des-animaux-marins-de-polynesie-copy\/"},"modified":"2026-01-15T17:11:23","modified_gmt":"2026-01-16T03:11:23","slug":"ite-plateforme-educative","status":"publish","type":"page","link":"https:\/\/www.temanaotemoana.org\/en\/ite-plateforme-educative\/","title":{"rendered":"ITE &#8211; PLATEFORME \u00c9DUCATIVE"},"content":{"rendered":"\n<h1>\n\t\t\tPLATEFORME \u00c9DUCATIVE ITE &#8211; \u00c0 la d\u00e9couverte des animaux marins de Polyn\u00e9sie\t<\/h1>\n\t\t\t\t<img decoding=\"async\" src=\"https:\/\/www.temanaotemoana.org\/wp-content\/uploads\/2018\/05\/QUI-border.png\" alt=\"QUI-border\" itemprop=\"image\" height=\"11\" width=\"444\" title=\"QUI-border\" onerror=\"this.style.display='none'\" loading='lazy' \/>\n\t<b data-ogsc=\"\" data-olk-copy-source=\"MessageBody\">ITE<\/b>\u00a0(prononc\u00e9 <i data-ogsc=\"\">it\u00e9<\/i>, pour <i data-ogsc=\"\">Te &#8216;itera&#8217;a i te mau animara<\/i>) est une <b data-ogsc=\"\">plateforme \u00e9ducative en ligne gratuite<\/b>, d\u00e9velopp\u00e9e par l&#8217;association Te mana o te moana, pour faire d\u00e9couvrir les animaux marins embl\u00e9matiques de la Polyn\u00e9sie fran\u00e7aise. Ce projet innovant a \u00e9t\u00e9 lanc\u00e9 \u00e0 l&#8217;occasion de la Journ\u00e9e Mondiale de l&#8217;Oc\u00e9an, le 8 juin 2025, avec un premier module d\u00e9di\u00e9 aux <b data-ogsc=\"\">tortues marines<\/b>. <b data-ogsc=\"\">ITE<\/b>, c&#8217;est un voyage immersif au c\u0153ur des oc\u00e9ans polyn\u00e9siens pour <b data-ogsc=\"\">apprendre, s&#8217;\u00e9merveiller<\/b>&#8230; et <b data-ogsc=\"\">agir ensemble<\/b>\u00a0pour un avenir marin durable.\n\t\t\t\t<a href=\"https:\/\/apc01.safelinks.protection.outlook.com\/?url=https%3A%2F%2Fite.temanaotemoana.org%2F&#038;data=05%7C02%7Cwebmaster%40temanaotemoana.org%7Cfd3151dc9308423404c908dda53e48fd%7Cd29d14755c254dd1b41e197f862eec82%7C0%7C0%7C638848409171847886%7CUnknown%7CTWFpbGZsb3d8eyJFbXB0eU1hcGkiOnRydWUsIlYiOiIwLjAuMDAwMCIsIlAiOiJXaW4zMiIsIkFOIjoiTWFpbCIsIldUIjoyfQ%3D%3D%7C0%7C%7C%7C&#038;sdata=20HNWtwZxFxkgvveRNISEfRyPsK7va%2FSd7BxiQLWbkY%3D&#038;reserved=0\"  target=\"_blank\" rel=\"noopener\"  itemprop=\"url\">\n\t\t\t\t<img decoding=\"async\" src=\"https:\/\/www.temanaotemoana.org\/wp-content\/uploads\/2025\/06\/plateforme-visuel.png\" alt=\"plateforme visuel\" itemprop=\"image\" height=\"1200\" width=\"1200\" title=\"plateforme visuel\" onerror=\"this.style.display='none'\" loading='lazy' \/>\n\t\t\t\t<\/a>\n\t\t\t\t<img decoding=\"async\" src=\"https:\/\/www.temanaotemoana.org\/wp-content\/uploads\/2025\/06\/IMG_2913-2.jpg\" alt=\"IMG_2913-2\" itemprop=\"image\" height=\"4032\" width=\"3024\" title=\"IMG_2913-2\" onerror=\"this.style.display='none'\" loading='lazy' \/>\n\t<h3 data-ogsc=\"rgb(0, 0, 0)\"><strong>Un outil p\u00e9dagogique ludique, interactif, gratuit et accessible \u00e0 tous<\/strong><\/h3>\n<ul>\n<li data-ogsc=\"rgb(0, 0, 0)\" data-olk-copy-source=\"MessageBody\">\nITE a \u00e9t\u00e9 con\u00e7u pour transmettre des connaissances de mani\u00e8re attractive et inclusive, \u00e0 partir de <b data-ogsc=\"\">8 ans<\/b>, et ce, <b data-ogsc=\"\">o\u00f9 que l&#8217;on se trouve<\/b>. Inspir\u00e9e du format MOOC (<i data-ogsc=\"\">Massive Open Online Course<\/i>), la plateforme permet d&#8217;explorer les esp\u00e8ces marines, leur biologie, leurs habitats, et les menaces qui les affectent, tout en proposant des pistes d&#8217;action concr\u00e8tes pour leur pr\u00e9servation.\nDeux parcours sont propos\u00e9s, abordant l&#8217;anatomie, les esp\u00e8ces, le cycle de vie, les menaces et les solutions de protection\u00a0:\n<ul data-start=\"1064\" data-end=\"1369\">\n<li data-ogsc=\"rgb(0, 0, 0)\">\n<b data-ogsc=\"\">Pour les enfants de 8 \u00e0 14 ans<\/b>\u00a0: un parcours illustr\u00e9, ludique et interactif, adapt\u00e9 aux plus jeunes.\n<\/li>\n<li data-ogsc=\"rgb(0, 0, 0)\">\n<b data-ogsc=\"\">Pour les 15 ans et plus<\/b>\u00a0: un parcours enrichi de contenus scientifiques et de ressources compl\u00e9mentaires pour approfondir les connaissances et devenir acteur de la protection du milieu marin.\n<\/li>\n<\/ul>\nLa plateforme est <b data-ogsc=\"\">enti\u00e8rement gratuite<\/b>\u00a0et accessible \u00e0 tous sur ordinateur : \u00e9l\u00e8ves, enseignants, familles, associations ou simples curieux.\n<\/li>\n<\/ul>\n\t\t\t<a href=\"https:\/\/apc01.safelinks.protection.outlook.com\/?url=https%3A%2F%2Fite.temanaotemoana.org%2F&#038;data=05%7C02%7Cwebmaster%40temanaotemoana.org%7Cfd3151dc9308423404c908dda53e48fd%7Cd29d14755c254dd1b41e197f862eec82%7C0%7C0%7C638848409171847886%7CUnknown%7CTWFpbGZsb3d8eyJFbXB0eU1hcGkiOnRydWUsIlYiOiIwLjAuMDAwMCIsIlAiOiJXaW4zMiIsIkFOIjoiTWFpbCIsIldUIjoyfQ%3D%3D%7C0%7C%7C%7C&#038;sdata=20HNWtwZxFxkgvveRNISEfRyPsK7va%2FSd7BxiQLWbkY%3D&#038;reserved=0\" target=\"_blank\" rel=\"noopener\">\n\t\t\t\t\t\tJOUEZ D\u00c8S MAINTENANT\n\t\t\t\t\t<\/a>\n\t\t\t<img decoding=\"async\" loading='false' src=\"https:\/\/www.temanaotemoana.org\/wp-content\/uploads\/2025\/06\/Sans-titre-2-1.png\" alt=\"\" \/>\t\t\t\n\t\t\t<img decoding=\"async\" loading='false' src=\"https:\/\/www.temanaotemoana.org\/wp-content\/uploads\/2025\/06\/Sans-titre-3.png\" alt=\"\" \/>\t\t\t\n\t\t\t<img decoding=\"async\" loading='false' src=\"https:\/\/www.temanaotemoana.org\/wp-content\/uploads\/2025\/06\/Sans-titre-4.png\" alt=\"\" \/>\t\t\t\n\t\t\t<img decoding=\"async\" loading='false' src=\"https:\/\/www.temanaotemoana.org\/wp-content\/uploads\/2025\/06\/Sans-titre-5.png\" alt=\"\" \/>\t\t\t\n\t<h3 data-start=\"202\" data-end=\"309\"><strong>Une diffusion large pour un acc\u00e8s \u00e9quitable au savoir<\/strong><\/h3>\n<ul>\n<li data-ogsc=\"rgb(0, 0, 0)\" data-olk-copy-source=\"MessageBody\">\nITE a \u00e9t\u00e9 pens\u00e9 pour garantir <b data-ogsc=\"\">l&#8217;\u00e9galit\u00e9 d&#8217;acc\u00e8s \u00e0 l&#8217;\u00e9ducation environnementale<\/b>, notamment dans les <b data-ogsc=\"\">archipels \u00e9loign\u00e9s<\/b>\u00a0de la Polyn\u00e9sie fran\u00e7aise. Gr\u00e2ce au soutien de la <b data-ogsc=\"\">Direction G\u00e9n\u00e9rale de l&#8217;\u00c9ducation et des Enseignements (DGEE)<\/b>, la plateforme sera int\u00e9gr\u00e9e dans les \u00e9tablissements scolaires et diffus\u00e9e dans les structures associatives et sociales du territoire.\n<\/li>\n<li data-ogsc=\"rgb(0, 0, 0)\" data-olk-copy-source=\"MessageBody\">\n<b data-ogsc=\"\">\u00a0Un projet sur trois ans pour valoriser la faune marine du fenua<\/b>\nITE s&#8217;inscrit dans une vision pluriannuelle ambitieuse avec plusieurs modules \u00e0 venir :\n<ul data-start=\"1971\" data-end=\"2132\">\n<li data-ogsc=\"rgb(0, 0, 0)\">\n<b data-ogsc=\"\">Tortues marines<\/b> &#8211; disponible depuis juin 2025\n<\/li>\n<li data-ogsc=\"rgb(0, 0, 0)\">\n<b data-ogsc=\"\">Corail<\/b> &#8211; sortie pr\u00e9vue en 2026\n<\/li>\n<li data-ogsc=\"rgb(0, 0, 0)\">\n<b data-ogsc=\"\">C\u00e9tac\u00e9s<\/b> &#8211; sortie pr\u00e9vue en 2026\n<\/li>\n<li data-ogsc=\"rgb(0, 0, 0)\">\n<b data-ogsc=\"\">Requins<\/b>\u00a0&#8211; sortie pr\u00e9vue en 2026\n<\/li>\n<\/ul>\n<\/li>\n<\/ul>\n\t\t\t\t<img decoding=\"async\" src=\"https:\/\/www.temanaotemoana.org\/wp-content\/uploads\/2025\/06\/pexels-francesco-ungaro-3157890.jpg\" alt=\"pexels-francesco-ungaro-3157890\" itemprop=\"image\" height=\"3000\" width=\"4000\" title=\"pexels-francesco-ungaro-3157890\" onerror=\"this.style.display='none'\" loading='lazy' \/>\n<h1>\n\t\t\tPartenaires\t<\/h1>\n\t\t\t\t<img decoding=\"async\" src=\"https:\/\/www.temanaotemoana.org\/wp-content\/uploads\/2026\/01\/bande-logos-Plateforme-educative-en-ligne-ITE-fond-transparent.png\" alt=\"bande logos Plateforme educative en ligne ITE- fond transparent\" itemprop=\"image\" height=\"300\" width=\"2600\" title=\"bande logos Plateforme educative en ligne ITE- fond transparent\" onerror=\"this.style.display='none'\" loading='lazy' \/>\n\n","protected":false},"excerpt":{"rendered":"<p>PLATEFORME \u00c9DUCATIVE ITE &#8211; \u00c0 la d\u00e9couverte des animaux marins de Polyn\u00e9sie ITE\u00a0(prononc\u00e9 it\u00e9, pour Te &#8216;itera&#8217;a i te mau animara) est une plateforme \u00e9ducative en ligne gratuite, d\u00e9velopp\u00e9e par l&#8217;association Te mana o te moana, pour faire d\u00e9couvrir les animaux marins embl\u00e9matiques de la Polyn\u00e9sie fran\u00e7aise. Ce projet innovant a \u00e9t\u00e9 lanc\u00e9 \u00e0 l&#8217;occasion [&hellip;]<\/p>\n","protected":false},"author":160,"featured_media":0,"parent":0,"menu_order":9,"comment_status":"closed","ping_status":"open","template":"","meta":{"_genesis_hide_title":false,"_genesis_hide_breadcrumbs":false,"_genesis_hide_singular_image":false,"_genesis_hide_footer_widgets":false,"_genesis_custom_body_class":"","_genesis_custom_post_class":"","_genesis_layout":"","footnotes":""},"class_list":{"0":"post-28310","1":"page","2":"type-page","3":"status-publish","5":"entry","6":"has-post-thumbnail","7":"override"},"_links":{"self":[{"href":"https:\/\/www.temanaotemoana.org\/en\/wp-json\/wp\/v2\/pages\/28310","targetHints":{"allow":["GET"]}}],"collection":[{"href":"https:\/\/www.temanaotemoana.org\/en\/wp-json\/wp\/v2\/pages"}],"about":[{"href":"https:\/\/www.temanaotemoana.org\/en\/wp-json\/wp\/v2\/types\/page"}],"author":[{"embeddable":true,"href":"https:\/\/www.temanaotemoana.org\/en\/wp-json\/wp\/v2\/users\/160"}],"replies":[{"embeddable":true,"href":"https:\/\/www.temanaotemoana.org\/en\/wp-json\/wp\/v2\/comments?post=28310"}],"version-history":[{"count":5,"href":"https:\/\/www.temanaotemoana.org\/en\/wp-json\/wp\/v2\/pages\/28310\/revisions"}],"predecessor-version":[{"id":29446,"href":"https:\/\/www.temanaotemoana.org\/en\/wp-json\/wp\/v2\/pages\/28310\/revisions\/29446"}],"wp:attachment":[{"href":"https:\/\/www.temanaotemoana.org\/en\/wp-json\/wp\/v2\/media?parent=28310"}],"curies":[{"name":"wp","href":"https:\/\/api.w.org\/{rel}","templated":true}]}}